{"id":1341,"date":"2021-05-11T21:15:38","date_gmt":"2021-05-11T21:15:38","guid":{"rendered":"https:\/\/inplasor.leopardo.dshosting.es\/?page_id=1341"},"modified":"2021-09-03T12:29:13","modified_gmt":"2021-09-03T12:29:13","slug":"ensamblado-2","status":"publish","type":"page","link":"https:\/\/www.inplasor.es\/english\/ensamblado-2\/","title":{"rendered":"Ensamblado"},"content":{"rendered":"<p>[et_pb_section fb_built=\u00bb1&#8243; fullwidth=\u00bbon\u00bb _builder_version=\u00bb4.8.1&#8243; _module_preset=\u00bbdefault\u00bb locked=\u00bboff\u00bb global_colors_info=\u00bb{}\u00bb][et_pb_fullwidth_slider _builder_version=\u00bb4.9.7&#8243; _module_preset=\u00bbdefault\u00bb animation_style=\u00bbzoom\u00bb auto=\u00bbon\u00bb global_colors_info=\u00bb{}\u00bb][et_pb_slide heading=\u00bbINPLASOR GALICIA\u00bb button_link=\u00bbhttps:\/\/inplasor.leopardo.dshosting.es\/calidad-medio-ambiente-y-rsc\/\u00bb _builder_version=\u00bb4.9.7&#8243; _module_preset=\u00bbdefault\u00bb header_font=\u00bbRoboto|500|||||||\u00bb body_font=\u00bbRoboto|500|||||||\u00bb body_text_align=\u00bbcenter\u00bb body_font_size=\u00bb20px\u00bb background_enable_color=\u00bboff\u00bb background_image=\u00bbhttps:\/\/www.inplasor.es\/wp-content\/uploads\/2021\/06\/Ensamblado2.jpg\u00bb background_enable_image=\u00bbon\u00bb custom_button=\u00bbon\u00bb button_bg_color=\u00bb#1a1491&#8243; button_font=\u00bbRoboto||||||||\u00bb text_orientation=\u00bbcenter\u00bb header_text_shadow_style=\u00bbpreset1&#8243; header_text_shadow_color=\u00bbrgba(0,0,0,0.73)\u00bb text_shadow_style=\u00bbpreset1&#8243; text_shadow_horizontal_length=\u00bb0.02em\u00bb text_shadow_vertical_length=\u00bb0.11em\u00bb text_shadow_blur_strength=\u00bb0.12em\u00bb global_colors_info=\u00bb{}\u00bb button_bg_color__hover_enabled=\u00bbon|desktop\u00bb sticky_transition=\u00bbon\u00bb][\/et_pb_slide][\/et_pb_fullwidth_slider][\/et_pb_section][et_pb_section fb_built=\u00bb1&#8243; _builder_version=\u00bb4.9.4&#8243; _module_preset=\u00bbdefault\u00bb custom_padding=\u00bb0px||6px|||\u00bb locked=\u00bboff\u00bb global_colors_info=\u00bb{}\u00bb][et_pb_row admin_label=\u00bbService Section Title\u00bb _builder_version=\u00bb3.25&#8243; custom_margin=\u00bb|auto|8px|auto||\u00bb custom_padding=\u00bb63px||7px|||\u00bb animation_style=\u00bbfade\u00bb animation_direction=\u00bbtop\u00bb saved_tabs=\u00bball\u00bb locked=\u00bboff\u00bb global_colors_info=\u00bb{}\u00bb][et_pb_column type=\u00bb4_4&#8243; _builder_version=\u00bb3.25&#8243; custom_padding=\u00bb|||\u00bb global_colors_info=\u00bb{}\u00bb custom_padding__hover=\u00bb|||\u00bb][et_pb_text admin_label=\u00bbTitle\u00bb _builder_version=\u00bb4.10.5&#8243; text_font=\u00bbRaleway||||||||\u00bb text_text_color=\u00bb#1a1492&#8243; text_line_height=\u00bb1.9em\u00bb header_font=\u00bb||||||||\u00bb header_2_font=\u00bbRaleway|600||on|||||\u00bb header_2_text_color=\u00bb#1a1492&#8243; header_2_font_size=\u00bb42px\u00bb header_2_line_height=\u00bb1.3em\u00bb text_orientation=\u00bbcenter\u00bb max_width=\u00bb700px\u00bb module_alignment=\u00bbcenter\u00bb custom_margin=\u00bb||7px|||\u00bb animation_style=\u00bbslide\u00bb animation_direction=\u00bbbottom\u00bb animation_intensity_slide=\u00bb4%\u00bb hover_enabled=\u00bb0&#8243; locked=\u00bboff\u00bb global_colors_info=\u00bb{}\u00bb sticky_enabled=\u00bb0&#8243;]<\/p>\n<h2>ASSEMBLY<\/h2>\n<p>[\/et_pb_text][\/et_pb_column][\/et_pb_row][\/et_pb_section][et_pb_section fb_built=\u00bb1&#8243; _builder_version=\u00bb4.9.4&#8243; _module_preset=\u00bbdefault\u00bb custom_padding=\u00bb8px||13px|||\u00bb locked=\u00bboff\u00bb global_colors_info=\u00bb{}\u00bb][et_pb_row column_structure=\u00bb1_2,1_2&#8243; _builder_version=\u00bb4.9.7&#8243; _module_preset=\u00bbdefault\u00bb max_width=\u00bb1200px\u00bb custom_margin=\u00bb|auto|-13px|auto||\u00bb custom_padding=\u00bb14px||73px|||\u00bb global_colors_info=\u00bb{}\u00bb][et_pb_column type=\u00bb1_2&#8243; _builder_version=\u00bb4.9.4&#8243; _module_preset=\u00bbdefault\u00bb global_colors_info=\u00bb{}\u00bb][et_pb_image src=\u00bbhttps:\/\/www.inplasor.es\/wp-content\/uploads\/2021\/07\/img_ensambladoo-50.jpg\u00bb title_text=\u00bbimg_ensambladoo-50&#8243; _builder_version=\u00bb4.9.7&#8243; _module_preset=\u00bbdefault\u00bb custom_margin=\u00bb|-30px||||\u00bb global_colors_info=\u00bb{}\u00bb][\/et_pb_image][\/et_pb_column][et_pb_column type=\u00bb1_2&#8243; _builder_version=\u00bb4.9.4&#8243; _module_preset=\u00bbdefault\u00bb global_colors_info=\u00bb{}\u00bb][et_pb_text _builder_version=\u00bb4.10.5&#8243; _module_preset=\u00bbdefault\u00bb text_text_color=\u00bb#1a1492&#8243; text_line_height=\u00bb1.73em\u00bb header_text_color=\u00bb#1a1492&#8243; custom_margin=\u00bb|||-20px||\u00bb global_colors_info=\u00bb{}\u00bb]<\/p>\n<p>At INPLASOR, assembly is one of our most manual chain processes.<\/p>\n<p>In this manufacture, plastic, metal and even painted and chrome components are assembled together to result in a finished part with the best quality.<\/p>\n<p>We should underline our aerator assembly lines, where our operators work side by side, to manufacture parts that will be reviewed in a demanding final control. Appearance, assembly and noise reviews, among others, make quality assurance a reality in our production.<\/p>\n<p>INPLASOR sells more than 150,000 assembled parts per year, which end up being placed in such well-known cars as the Citro\u00ebn C4 Space Tourer (old Picasso), Renault Megane, Mercedes Vito or old Citro\u00ebn Partner and Citro\u00ebn Berlingo models.<\/p>\n<p>In addition to this, small metal components such as staples, clips, or even gaskets and foams are assembled in our injection process during the cycle time of the machines.<\/p>\n<p>[\/et_pb_text][\/et_pb_column][\/et_pb_row][\/et_pb_section]<\/p>\n","protected":false},"excerpt":{"rendered":"<p>ASSEMBLYAt INPLASOR, assembly is one of our most manual chain processes. In this manufacture, plastic, metal and even painted and chrome components are assembled together to result in a finished part with the best quality. We should underline our aerator assembly lines, where our operators work side by side, to manufacture parts that will be [&hellip;]<\/p>\n","protected":false},"author":1,"featured_media":0,"parent":0,"menu_order":0,"comment_status":"closed","ping_status":"closed","template":"","meta":{"_et_pb_use_builder":"on","_et_pb_old_content":"","_et_gb_content_width":""},"_links":{"self":[{"href":"https:\/\/www.inplasor.es\/english\/wp-json\/wp\/v2\/pages\/1341"}],"collection":[{"href":"https:\/\/www.inplasor.es\/english\/wp-json\/wp\/v2\/pages"}],"about":[{"href":"https:\/\/www.inplasor.es\/english\/wp-json\/wp\/v2\/types\/page"}],"author":[{"embeddable":true,"href":"https:\/\/www.inplasor.es\/english\/wp-json\/wp\/v2\/users\/1"}],"replies":[{"embeddable":true,"href":"https:\/\/www.inplasor.es\/english\/wp-json\/wp\/v2\/comments?post=1341"}],"version-history":[{"count":23,"href":"https:\/\/www.inplasor.es\/english\/wp-json\/wp\/v2\/pages\/1341\/revisions"}],"predecessor-version":[{"id":2314,"href":"https:\/\/www.inplasor.es\/english\/wp-json\/wp\/v2\/pages\/1341\/revisions\/2314"}],"wp:attachment":[{"href":"https:\/\/www.inplasor.es\/english\/wp-json\/wp\/v2\/media?parent=1341"}],"curies":[{"name":"wp","href":"https:\/\/api.w.org\/{rel}","templated":true}]}}